{"id":550,"date":"2021-12-09T12:34:44","date_gmt":"2021-12-09T12:34:44","guid":{"rendered":"https:\/\/alvi7hotel.com\/?page_id=550"},"modified":"2021-12-09T13:24:46","modified_gmt":"2021-12-09T13:24:46","slug":"meeting-events","status":"publish","type":"page","link":"https:\/\/alvi7hotel.com\/?page_id=550","title":{"rendered":"Meeting and Events"},"content":{"rendered":"<div class=\"wpb-content-wrapper\"><p>[vc_row][vc_column][vc_empty_space height=\u00a0\u00bb50px\u00a0\u00bb][\/vc_column][\/vc_row][vc_row css_animation=\u00a0\u00bbfadeInRight\u00a0\u00bb css=\u00a0\u00bb.vc_custom_1635248860677{margin-top: 0px !important;margin-right: 0px !important;margin-bottom: 0px !important;margin-left: 0px !important;border-top-width: 0px !important;border-right-width: 0px !important;border-bottom-width: 0px !important;border-left-width: 0px !important;padding-top: 0px !important;padding-right: 0px !important;padding-bottom: 0px !important;padding-left: 0px !important;background-color: #f2f2f3 !important;}\u00a0\u00bb][vc_column width=\u00a0\u00bb1\/2&Prime;][vc_single_image image=\u00a0\u00bb378&Prime; img_size=\u00a0\u00bblarge\u00a0\u00bb][\/vc_column][vc_column width=\u00a0\u00bb1\/2&Prime; css=\u00a0\u00bb.vc_custom_1635165001527{margin-top: 0px !important;margin-right: 0px !important;margin-bottom: 0px !important;margin-left: 0px !important;border-top-width: 0px !important;border-right-width: 0px !important;border-bottom-width: 0px !important;border-left-width: 0px !important;padding-top: 50px !important;padding-right: 30px !important;padding-bottom: 30px !important;padding-left: 30px !important;}\u00a0\u00bb]<h3 class=\"sohohotel-title-28px sohohotel-clearfix sohohotel-title-left\">Meetings and Events<\/h3>[vc_column_text]Alvi Hotel offers you various lounges as per your requirements, and proposes to assist you in the organization of all your events.<br \/>\nWe have modular rooms that can accommodate your meetings and events (with a capacity of 30 to 200 seats. All equipped with furniture (air-conditioned, tables, chairs, etc.), Wifi Internet access and sound systems, they are ready to host the event.[\/vc_column_text][vc_gallery type=\u00a0\u00bbimage_grid\u00a0\u00bb images=\u00a0\u00bb374,485,486,482,484,481&Prime; img_size=\u00a0\u00bb150&#215;150&Prime; css=\u00a0\u00bb.vc_custom_1639051534215{margin-top: 20px !important;margin-bottom: 30px !important;padding-bottom: 10px !important;background-position: center !important;background-repeat: no-repeat !important;background-size: contain !important;}\u00a0\u00bb][\/vc_column][\/vc_row]<\/p>\n<\/div>","protected":false},"excerpt":{"rendered":"<p>[vc_row][vc_column][vc_empty_space height=\u00a0\u00bb50px\u00a0\u00bb][\/vc_column][\/vc_row][vc_row css_animation=\u00a0\u00bbfadeInRight\u00a0\u00bb css=\u00a0\u00bb.vc_custom_1635248860677{margin-top: 0px !important;margin-right: 0px !important;margin-bottom: 0px !important;margin-left: 0px !important;border-top-width: 0px !important;border-right-width: 0px !important;border-bottom-width: 0px !important;border-left-width: 0px !important;padding-top: 0px !important;padding-right: 0px !important;padding-bottom: 0px !important;padding-left: 0px !important;background-color: #f2f2f3 !important;}\u00a0\u00bb][vc_column width=\u00a0\u00bb1\/2&Prime;][vc_single_image image=\u00a0\u00bb378&Prime; img_size=\u00a0\u00bblarge\u00a0\u00bb][\/vc_column][vc_column width=\u00a0\u00bb1\/2&Prime; css=\u00a0\u00bb.vc_custom_1635165001527{margin-top: 0px !important;margin-right: 0px !important;margin-bottom: 0px !important;margin-left: 0px !important;border-top-width: 0px !important;border-right-width: 0px !important;border-bottom-width: 0px !important;border-left-width: 0px !important;padding-top: 50px !important;padding-right: 30px !important;padding-bottom:<\/p>\n<a href=\"https:\/\/alvi7hotel.com\/?page_id=550\" class=\"sohohotel-more-link\">Read More<\/a>","protected":false},"author":1,"featured_media":0,"parent":0,"menu_order":0,"comment_status":"closed","ping_status":"closed","template":"","meta":{"footnotes":""},"class_list":["post-550","page","type-page","status-publish","hentry"],"yoast_head":"<!-- This site is optimized with the Yoast SEO plugin v27.1.1 - https:\/\/yoast.com\/product\/yoast-seo-wordpress\/ -->\n<title>Book your meeting or event at Alvi Hotel<\/title>\n<meta name=\"description\" content=\"We are ready to host your event in our modular rooms that can accommodate your requirements with a capacity of 30 to 200 seats.\" \/>\n<meta name=\"robots\" content=\"index, follow, max-snippet:-1, max-image-preview:large, max-video-preview:-1\" \/>\n<link rel=\"canonical\" href=\"https:\/\/alvi7hotel.com\/?page_id=550\" \/>\n<meta property=\"og:locale\" content=\"fr_FR\" \/>\n<meta property=\"og:type\" content=\"article\" \/>\n<meta property=\"og:title\" content=\"Book your meeting or event at Alvi Hotel\" \/>\n<meta property=\"og:description\" content=\"We are ready to host your event in our modular rooms that can accommodate your requirements with a capacity of 30 to 200 seats.\" \/>\n<meta property=\"og:url\" content=\"https:\/\/alvi7hotel.com\/?page_id=550\" \/>\n<meta property=\"og:site_name\" content=\"ALVIHOTEL: H\u00f4tel de choix pour un s\u00e9jour exceptionnel!\" \/>\n<meta property=\"article:modified_time\" content=\"2021-12-09T13:24:46+00:00\" \/>\n<meta name=\"twitter:card\" content=\"summary_large_image\" \/>\n<meta name=\"twitter:label1\" content=\"Dur\u00e9e de lecture estim\u00e9e\" \/>\n\t<meta name=\"twitter:data1\" content=\"1 minute\" \/>\n<script type=\"application\/ld+json\" class=\"yoast-schema-graph\">{\"@context\":\"https:\/\/schema.org\",\"@graph\":[{\"@type\":\"WebPage\",\"@id\":\"https:\/\/alvi7hotel.com\/?page_id=550\",\"url\":\"https:\/\/alvi7hotel.com\/?page_id=550\",\"name\":\"Book your meeting or event at Alvi Hotel\",\"isPartOf\":{\"@id\":\"https:\/\/alvi7hotel.com\/#website\"},\"datePublished\":\"2021-12-09T12:34:44+00:00\",\"dateModified\":\"2021-12-09T13:24:46+00:00\",\"description\":\"We are ready to host your event in our modular rooms that can accommodate your requirements with a capacity of 30 to 200 seats.\",\"breadcrumb\":{\"@id\":\"https:\/\/alvi7hotel.com\/?page_id=550#breadcrumb\"},\"inLanguage\":\"fr-FR\",\"potentialAction\":[{\"@type\":\"ReadAction\",\"target\":[\"https:\/\/alvi7hotel.com\/?page_id=550\"]}]},{\"@type\":\"BreadcrumbList\",\"@id\":\"https:\/\/alvi7hotel.com\/?page_id=550#breadcrumb\",\"itemListElement\":[{\"@type\":\"ListItem\",\"position\":1,\"name\":\"Home\",\"item\":\"https:\/\/alvi7hotel.com\/\"},{\"@type\":\"ListItem\",\"position\":2,\"name\":\"Meeting and Events\"}]},{\"@type\":\"WebSite\",\"@id\":\"https:\/\/alvi7hotel.com\/#website\",\"url\":\"https:\/\/alvi7hotel.com\/\",\"name\":\"ALVIHOTEL: H\u00f4tel de choix pour un s\u00e9jour exceptionnel!\",\"description\":\"H\u00f4tel de luxe\",\"potentialAction\":[{\"@type\":\"SearchAction\",\"target\":{\"@type\":\"EntryPoint\",\"urlTemplate\":\"https:\/\/alvi7hotel.com\/?s={search_term_string}\"},\"query-input\":{\"@type\":\"PropertyValueSpecification\",\"valueRequired\":true,\"valueName\":\"search_term_string\"}}],\"inLanguage\":\"fr-FR\"}]}<\/script>\n<!-- \/ Yoast SEO plugin. -->","yoast_head_json":{"title":"Book your meeting or event at Alvi Hotel","description":"We are ready to host your event in our modular rooms that can accommodate your requirements with a capacity of 30 to 200 seats.","robots":{"index":"index","follow":"follow","max-snippet":"max-snippet:-1","max-image-preview":"max-image-preview:large","max-video-preview":"max-video-preview:-1"},"canonical":"https:\/\/alvi7hotel.com\/?page_id=550","og_locale":"fr_FR","og_type":"article","og_title":"Book your meeting or event at Alvi Hotel","og_description":"We are ready to host your event in our modular rooms that can accommodate your requirements with a capacity of 30 to 200 seats.","og_url":"https:\/\/alvi7hotel.com\/?page_id=550","og_site_name":"ALVIHOTEL: H\u00f4tel de choix pour un s\u00e9jour exceptionnel!","article_modified_time":"2021-12-09T13:24:46+00:00","twitter_card":"summary_large_image","twitter_misc":{"Dur\u00e9e de lecture estim\u00e9e":"1 minute"},"schema":{"@context":"https:\/\/schema.org","@graph":[{"@type":"WebPage","@id":"https:\/\/alvi7hotel.com\/?page_id=550","url":"https:\/\/alvi7hotel.com\/?page_id=550","name":"Book your meeting or event at Alvi Hotel","isPartOf":{"@id":"https:\/\/alvi7hotel.com\/#website"},"datePublished":"2021-12-09T12:34:44+00:00","dateModified":"2021-12-09T13:24:46+00:00","description":"We are ready to host your event in our modular rooms that can accommodate your requirements with a capacity of 30 to 200 seats.","breadcrumb":{"@id":"https:\/\/alvi7hotel.com\/?page_id=550#breadcrumb"},"inLanguage":"fr-FR","potentialAction":[{"@type":"ReadAction","target":["https:\/\/alvi7hotel.com\/?page_id=550"]}]},{"@type":"BreadcrumbList","@id":"https:\/\/alvi7hotel.com\/?page_id=550#breadcrumb","itemListElement":[{"@type":"ListItem","position":1,"name":"Home","item":"https:\/\/alvi7hotel.com\/"},{"@type":"ListItem","position":2,"name":"Meeting and Events"}]},{"@type":"WebSite","@id":"https:\/\/alvi7hotel.com\/#website","url":"https:\/\/alvi7hotel.com\/","name":"ALVIHOTEL: H\u00f4tel de choix pour un s\u00e9jour exceptionnel!","description":"H\u00f4tel de luxe","potentialAction":[{"@type":"SearchAction","target":{"@type":"EntryPoint","urlTemplate":"https:\/\/alvi7hotel.com\/?s={search_term_string}"},"query-input":{"@type":"PropertyValueSpecification","valueRequired":true,"valueName":"search_term_string"}}],"inLanguage":"fr-FR"}]}},"_links":{"self":[{"href":"https:\/\/alvi7hotel.com\/index.php?rest_route=\/wp\/v2\/pages\/550","targetHints":{"allow":["GET"]}}],"collection":[{"href":"https:\/\/alvi7hotel.com\/index.php?rest_route=\/wp\/v2\/pages"}],"about":[{"href":"https:\/\/alvi7hotel.com\/index.php?rest_route=\/wp\/v2\/types\/page"}],"author":[{"embeddable":true,"href":"https:\/\/alvi7hotel.com\/index.php?rest_route=\/wp\/v2\/users\/1"}],"replies":[{"embeddable":true,"href":"https:\/\/alvi7hotel.com\/index.php?rest_route=%2Fwp%2Fv2%2Fcomments&post=550"}],"version-history":[{"count":4,"href":"https:\/\/alvi7hotel.com\/index.php?rest_route=\/wp\/v2\/pages\/550\/revisions"}],"predecessor-version":[{"id":567,"href":"https:\/\/alvi7hotel.com\/index.php?rest_route=\/wp\/v2\/pages\/550\/revisions\/567"}],"wp:attachment":[{"href":"https:\/\/alvi7hotel.com\/index.php?rest_route=%2Fwp%2Fv2%2Fmedia&parent=550"}],"curies":[{"name":"wp","href":"https:\/\/api.w.org\/{rel}","templated":true}]}}