{"id":555,"date":"2021-12-09T13:13:54","date_gmt":"2021-12-09T13:13:54","guid":{"rendered":"https:\/\/alvi7hotel.com\/?page_id=555"},"modified":"2021-12-09T13:25:17","modified_gmt":"2021-12-09T13:25:17","slug":"restautrant-snack","status":"publish","type":"page","link":"https:\/\/alvi7hotel.com\/?page_id=555","title":{"rendered":"Restaurant and Snacks"},"content":{"rendered":"<div class=\"wpb-content-wrapper\"><p>[vc_row][vc_column][vc_empty_space height=\u00a0\u00bb50px\u00a0\u00bb][\/vc_column][\/vc_row][vc_row css_animation=\u00a0\u00bbfadeInLeft\u00a0\u00bb css=\u00a0\u00bb.vc_custom_1635248883391{margin-top: 0px !important;margin-right: 0px !important;margin-bottom: 0px !important;margin-left: 0px !important;border-top-width: 0px !important;border-right-width: 0px !important;border-bottom-width: 0px !important;border-left-width: 0px !important;padding-top: 0px !important;padding-right: 0px !important;padding-bottom: 0px !important;padding-left: 0px !important;}\u00a0\u00bb][vc_column width=\u00a0\u00bb1\/2&Prime; css=\u00a0\u00bb.vc_custom_1639052345714{margin-top: 0px !important;margin-right: 0px !important;margin-bottom: 0px !important;margin-left: 0px !important;border-top-width: 0px !important;border-right-width: 0px !important;border-bottom-width: 0px !important;border-left-width: 0px !important;padding-top: 50px !important;padding-right: 20px !important;padding-bottom: 30px !important;padding-left: 30px !important;}\u00a0\u00bb]<h3 class=\"sohohotel-title-28px sohohotel-clearfix sohohotel-title-left\">Restaurants and Snack<\/h3>[vc_column_text]Taste local and foreign food in our restaurant which is open all day for breakfast, lunch and dinner. If you are looking for a romantic meal for two or more, to receive guests for a business lunch or to have a bite to eat with friends, you are in the right place to dine in Douala.[\/vc_column_text][vc_gallery type=\u00a0\u00bbimage_grid\u00a0\u00bb images=\u00a0\u00bb344,358,332,477,476,473&Prime; img_size=\u00a0\u00bb150&#215;150&Prime; css=\u00a0\u00bb.vc_custom_1639052312164{margin-top: 20px !important;margin-bottom: 30px !important;border-bottom-width: 10px !important;background-position: center !important;background-repeat: no-repeat !important;background-size: contain !important;}\u00a0\u00bb]<a href=\"#\" class=\"sohohotel-button1\" style=\"background: ;color:;margin: 0;\">Learn more<\/a><div class=\"sohohotel-clearboth\"><\/div>[\/vc_column][vc_column width=\u00a0\u00bb1\/2&Prime;][vc_single_image image=\u00a0\u00bb475&Prime; img_size=\u00a0\u00bblarge\u00a0\u00bb][\/vc_column][\/vc_row]<\/p>\n<\/div>","protected":false},"excerpt":{"rendered":"<p>[vc_row][vc_column][vc_empty_space height=\u00a0\u00bb50px\u00a0\u00bb][\/vc_column][\/vc_row][vc_row css_animation=\u00a0\u00bbfadeInLeft\u00a0\u00bb css=\u00a0\u00bb.vc_custom_1635248883391{margin-top: 0px !important;margin-right: 0px !important;margin-bottom: 0px !important;margin-left: 0px !important;border-top-width: 0px !important;border-right-width: 0px !important;border-bottom-width: 0px !important;border-left-width: 0px !important;padding-top: 0px !important;padding-right: 0px !important;padding-bottom: 0px !important;padding-left: 0px !important;}\u00a0\u00bb][vc_column width=\u00a0\u00bb1\/2&Prime; css=\u00a0\u00bb.vc_custom_1639052345714{margin-top: 0px !important;margin-right: 0px !important;margin-bottom: 0px !important;margin-left: 0px !important;border-top-width: 0px !important;border-right-width: 0px !important;border-bottom-width: 0px !important;border-left-width: 0px !important;padding-top: 50px !important;padding-right: 20px !important;padding-bottom: 30px !important;padding-left: 30px !important;}\u00a0\u00bb][vc_column_text]Taste local<\/p>\n<a href=\"https:\/\/alvi7hotel.com\/?page_id=555\" class=\"sohohotel-more-link\">Read More<\/a>","protected":false},"author":1,"featured_media":0,"parent":0,"menu_order":0,"comment_status":"closed","ping_status":"closed","template":"","meta":{"footnotes":""},"class_list":["post-555","page","type-page","status-publish","hentry"],"yoast_head":"<!-- This site is optimized with the Yoast SEO plugin v27.1.1 - https:\/\/yoast.com\/product\/yoast-seo-wordpress\/ -->\n<title>Restaurant and Snack at Alvi Hotel<\/title>\n<meta name=\"robots\" content=\"index, follow, max-snippet:-1, max-image-preview:large, max-video-preview:-1\" \/>\n<link rel=\"canonical\" href=\"https:\/\/alvi7hotel.com\/?page_id=555\" \/>\n<meta property=\"og:locale\" content=\"fr_FR\" \/>\n<meta property=\"og:type\" content=\"article\" \/>\n<meta property=\"og:title\" content=\"Restaurant and Snack at Alvi Hotel\" \/>\n<meta property=\"og:description\" content=\"[vc_row][vc_column][vc_empty_space height=\u00a0\u00bb50px\u00a0\u00bb][\/vc_column][\/vc_row][vc_row css_animation=\u00a0\u00bbfadeInLeft\u00a0\u00bb css=\u00a0\u00bb.vc_custom_1635248883391{margin-top: 0px !important;margin-right: 0px !important;margin-bottom: 0px !important;margin-left: 0px !important;border-top-width: 0px !important;border-right-width: 0px !important;border-bottom-width: 0px !important;border-left-width: 0px !important;padding-top: 0px !important;padding-right: 0px !important;padding-bottom: 0px !important;padding-left: 0px !important;}\u00a0\u00bb][vc_column width=\u00a0\u00bb1\/2&Prime; css=\u00a0\u00bb.vc_custom_1639052345714{margin-top: 0px !important;margin-right: 0px !important;margin-bottom: 0px !important;margin-left: 0px !important;border-top-width: 0px !important;border-right-width: 0px !important;border-bottom-width: 0px !important;border-left-width: 0px !important;padding-top: 50px !important;padding-right: 20px !important;padding-bottom: 30px !important;padding-left: 30px !important;}\u00a0\u00bb][vc_column_text]Taste local\" \/>\n<meta property=\"og:url\" content=\"https:\/\/alvi7hotel.com\/?page_id=555\" \/>\n<meta property=\"og:site_name\" content=\"ALVIHOTEL: H\u00f4tel de choix pour un s\u00e9jour exceptionnel!\" \/>\n<meta property=\"article:modified_time\" content=\"2021-12-09T13:25:17+00:00\" \/>\n<meta name=\"twitter:card\" content=\"summary_large_image\" \/>\n<meta name=\"twitter:label1\" content=\"Dur\u00e9e de lecture estim\u00e9e\" \/>\n\t<meta name=\"twitter:data1\" content=\"1 minute\" \/>\n<script type=\"application\/ld+json\" class=\"yoast-schema-graph\">{\"@context\":\"https:\/\/schema.org\",\"@graph\":[{\"@type\":\"WebPage\",\"@id\":\"https:\/\/alvi7hotel.com\/?page_id=555\",\"url\":\"https:\/\/alvi7hotel.com\/?page_id=555\",\"name\":\"Restaurant and Snack at Alvi Hotel\",\"isPartOf\":{\"@id\":\"https:\/\/alvi7hotel.com\/#website\"},\"datePublished\":\"2021-12-09T13:13:54+00:00\",\"dateModified\":\"2021-12-09T13:25:17+00:00\",\"breadcrumb\":{\"@id\":\"https:\/\/alvi7hotel.com\/?page_id=555#breadcrumb\"},\"inLanguage\":\"fr-FR\",\"potentialAction\":[{\"@type\":\"ReadAction\",\"target\":[\"https:\/\/alvi7hotel.com\/?page_id=555\"]}]},{\"@type\":\"BreadcrumbList\",\"@id\":\"https:\/\/alvi7hotel.com\/?page_id=555#breadcrumb\",\"itemListElement\":[{\"@type\":\"ListItem\",\"position\":1,\"name\":\"Home\",\"item\":\"https:\/\/alvi7hotel.com\/\"},{\"@type\":\"ListItem\",\"position\":2,\"name\":\"Restaurant and Snacks\"}]},{\"@type\":\"WebSite\",\"@id\":\"https:\/\/alvi7hotel.com\/#website\",\"url\":\"https:\/\/alvi7hotel.com\/\",\"name\":\"ALVIHOTEL: H\u00f4tel de choix pour un s\u00e9jour exceptionnel!\",\"description\":\"H\u00f4tel de luxe\",\"potentialAction\":[{\"@type\":\"SearchAction\",\"target\":{\"@type\":\"EntryPoint\",\"urlTemplate\":\"https:\/\/alvi7hotel.com\/?s={search_term_string}\"},\"query-input\":{\"@type\":\"PropertyValueSpecification\",\"valueRequired\":true,\"valueName\":\"search_term_string\"}}],\"inLanguage\":\"fr-FR\"}]}<\/script>\n<!-- \/ Yoast SEO plugin. -->","yoast_head_json":{"title":"Restaurant and Snack at Alvi Hotel","robots":{"index":"index","follow":"follow","max-snippet":"max-snippet:-1","max-image-preview":"max-image-preview:large","max-video-preview":"max-video-preview:-1"},"canonical":"https:\/\/alvi7hotel.com\/?page_id=555","og_locale":"fr_FR","og_type":"article","og_title":"Restaurant and Snack at Alvi Hotel","og_description":"[vc_row][vc_column][vc_empty_space height=\u00a0\u00bb50px\u00a0\u00bb][\/vc_column][\/vc_row][vc_row css_animation=\u00a0\u00bbfadeInLeft\u00a0\u00bb css=\u00a0\u00bb.vc_custom_1635248883391{margin-top: 0px !important;margin-right: 0px !important;margin-bottom: 0px !important;margin-left: 0px !important;border-top-width: 0px !important;border-right-width: 0px !important;border-bottom-width: 0px !important;border-left-width: 0px !important;padding-top: 0px !important;padding-right: 0px !important;padding-bottom: 0px !important;padding-left: 0px !important;}\u00a0\u00bb][vc_column width=\u00a0\u00bb1\/2&Prime; css=\u00a0\u00bb.vc_custom_1639052345714{margin-top: 0px !important;margin-right: 0px !important;margin-bottom: 0px !important;margin-left: 0px !important;border-top-width: 0px !important;border-right-width: 0px !important;border-bottom-width: 0px !important;border-left-width: 0px !important;padding-top: 50px !important;padding-right: 20px !important;padding-bottom: 30px !important;padding-left: 30px !important;}\u00a0\u00bb][vc_column_text]Taste local","og_url":"https:\/\/alvi7hotel.com\/?page_id=555","og_site_name":"ALVIHOTEL: H\u00f4tel de choix pour un s\u00e9jour exceptionnel!","article_modified_time":"2021-12-09T13:25:17+00:00","twitter_card":"summary_large_image","twitter_misc":{"Dur\u00e9e de lecture estim\u00e9e":"1 minute"},"schema":{"@context":"https:\/\/schema.org","@graph":[{"@type":"WebPage","@id":"https:\/\/alvi7hotel.com\/?page_id=555","url":"https:\/\/alvi7hotel.com\/?page_id=555","name":"Restaurant and Snack at Alvi Hotel","isPartOf":{"@id":"https:\/\/alvi7hotel.com\/#website"},"datePublished":"2021-12-09T13:13:54+00:00","dateModified":"2021-12-09T13:25:17+00:00","breadcrumb":{"@id":"https:\/\/alvi7hotel.com\/?page_id=555#breadcrumb"},"inLanguage":"fr-FR","potentialAction":[{"@type":"ReadAction","target":["https:\/\/alvi7hotel.com\/?page_id=555"]}]},{"@type":"BreadcrumbList","@id":"https:\/\/alvi7hotel.com\/?page_id=555#breadcrumb","itemListElement":[{"@type":"ListItem","position":1,"name":"Home","item":"https:\/\/alvi7hotel.com\/"},{"@type":"ListItem","position":2,"name":"Restaurant and Snacks"}]},{"@type":"WebSite","@id":"https:\/\/alvi7hotel.com\/#website","url":"https:\/\/alvi7hotel.com\/","name":"ALVIHOTEL: H\u00f4tel de choix pour un s\u00e9jour exceptionnel!","description":"H\u00f4tel de luxe","potentialAction":[{"@type":"SearchAction","target":{"@type":"EntryPoint","urlTemplate":"https:\/\/alvi7hotel.com\/?s={search_term_string}"},"query-input":{"@type":"PropertyValueSpecification","valueRequired":true,"valueName":"search_term_string"}}],"inLanguage":"fr-FR"}]}},"_links":{"self":[{"href":"https:\/\/alvi7hotel.com\/index.php?rest_route=\/wp\/v2\/pages\/555","targetHints":{"allow":["GET"]}}],"collection":[{"href":"https:\/\/alvi7hotel.com\/index.php?rest_route=\/wp\/v2\/pages"}],"about":[{"href":"https:\/\/alvi7hotel.com\/index.php?rest_route=\/wp\/v2\/types\/page"}],"author":[{"embeddable":true,"href":"https:\/\/alvi7hotel.com\/index.php?rest_route=\/wp\/v2\/users\/1"}],"replies":[{"embeddable":true,"href":"https:\/\/alvi7hotel.com\/index.php?rest_route=%2Fwp%2Fv2%2Fcomments&post=555"}],"version-history":[{"count":3,"href":"https:\/\/alvi7hotel.com\/index.php?rest_route=\/wp\/v2\/pages\/555\/revisions"}],"predecessor-version":[{"id":568,"href":"https:\/\/alvi7hotel.com\/index.php?rest_route=\/wp\/v2\/pages\/555\/revisions\/568"}],"wp:attachment":[{"href":"https:\/\/alvi7hotel.com\/index.php?rest_route=%2Fwp%2Fv2%2Fmedia&parent=555"}],"curies":[{"name":"wp","href":"https:\/\/api.w.org\/{rel}","templated":true}]}}