{"id":74,"date":"2021-10-24T15:18:06","date_gmt":"2021-10-24T15:18:06","guid":{"rendered":"https:\/\/alvi7hotel.com\/index.php\/accommodation-i-3-columns\/"},"modified":"2023-02-02T13:09:43","modified_gmt":"2023-02-02T13:09:43","slug":"our-accommodations","status":"publish","type":"page","link":"https:\/\/alvi7hotel.com\/?page_id=74","title":{"rendered":"Accommodations"},"content":{"rendered":"<div class=\"wpb-content-wrapper\"><p>[vc_row][vc_column]\t\t\n\t\t\t\t\n\t\t\t<!-- BEGIN .shb-accommodation-listing-filter-sorting -->\n\t\t\t<div class=\"shb-accommodation-listing-filter-sorting shb-clearfix\">\n\t\t\t\n\t\t\t\t\t\t\t\n\t\t\t\t<div class=\"shb-accommodation-listing-filter shb-clearfix\">\n\t\t\t\t\t<p>Filtrer par:<\/p>\n\t\t\t\t\t<ul>\n\t\t\t\t\t\t<li class=\"shb-filter-current\"><a href=\"https:\/\/alvi7hotel.com?shb-orderby=2\">Toute<\/a><\/li><li class=\"\"><a href=\"https:\/\/alvi7hotel.com?shb-orderby=2&shb-accommodation-type=rooms\">Rooms<\/a><\/li><li class=\"\"><a href=\"https:\/\/alvi7hotel.com?shb-orderby=2&shb-accommodation-type=suites\">Suites<\/a><\/li>\t\t\t\t\t<\/ul>\n\t\t\t\t<\/div>\n\t\t\t\n\t\t\t\t\t\t\t\n\t\t\t\t\t\t\t\n\t\t\t\t<div class=\"shb-accommodation-listing-sorting shb-clearfix\">\n\t\t\t\t\t<select>\n\t\t\t\t\t\t<option value=\"https:\/\/alvi7hotel.com?shb-accommodation-type=0\" selected>Tri par d\u00e9faut<\/option><option value=\"https:\/\/alvi7hotel.com?shb-accommodation-type=0&shb-orderby=1\" >Prix \u200b\u200bcroissant<\/option><option value=\"https:\/\/alvi7hotel.com?shb-accommodation-type=0&shb-orderby=2\" >Prix d\u00e9croissant<\/option>\t\t\t\t\t<\/select>\n\t\t\t\t\t<i class=\"fas fa-chevron-down\"><\/i>\n\t\t\t\t<\/div>\n\t\t\t\n\t\t\t\t\t\n\t\t\t<!-- END .shb-accommodation-listing-filter-sorting -->\n\t\t\t<\/div>\n\t\t\n\t\t\t\t\n\t\t<!-- BEGIN .shb-accommodation-listing-style-1 -->\n\t\t<div class=\"shb-accommodation-listing-style-1 shb-accommodation-listing-style-1-columns-2\">\n\t\t\t\n\t\t\t\t\n\t\t\t<!-- BEGIN .shb-accommodation-listing-item -->\n\t\t\t<div class=\"shb-accommodation-listing-item\">\n\t\t\t\n\t\t\t\t\t\t\t\t\t<a href=\"https:\/\/alvi7hotel.com\/?shb_accommodation=senior-suite-room\" rel=\"bookmark\" title=\"Senior Suite Room\">\n\t\t\t\t\t\t\t\t\t\t\t\t<img decoding=\"async\" class=\"shb-accommodation-listing-image\" src=\"https:\/\/alvi7hotel.com\/wp-content\/uploads\/2021\/11\/WhatsApp-Image-2021-11-21-at-20.36.15-1080x710.jpeg\" alt=\"Senior Suite Room\" \/>\t\t\t\t\t<\/a>\n\t\t\t\t\t\t\t\n\t\t\t\t<div class=\"shb-accommodation-listing-description-wrapper\">\n\t\t\t\t\n\t\t\t\t\t<h3><a href=\"https:\/\/alvi7hotel.com\/?shb_accommodation=senior-suite-room\" rel=\"bookmark\" title=\"Senior Suite Room\">Senior Suite Room<\/a><\/h3>\n\t\t\t\t\n\t\t\t\t\t<div class=\"shb-accommodation-listing-description shb-clearfix\">\n\t\t\t\t\t\t<ul>\r\n<li><i class=\"fas fa-user\"><\/i><span>Capacity:<\/span> 2 Adults<\/li>\r\n<li><i class=\"fas fa-ruler-combined\"><\/i><span>Size:<\/span> 50sqm<\/li>\r\n<li><i class=\"fas fa-binoculars\"><\/i><span>View:<\/span> City<\/li>\r\n<\/ul>\t\t\t\t\t\t<a href=\"https:\/\/alvi7hotel.com\/?shb_accommodation=senior-suite-room\" class=\"shb-accommodation-listing-button1\">From \u20ac61 \/ Night<\/a>\n\t\t\t\t\t\t<a href=\"https:\/\/alvi7hotel.com\/?shb_accommodation=senior-suite-room\" class=\"shb-accommodation-listing-button2\">H\u00e9bergement avec vue<i class=\"fas fa-chevron-right\"><\/i><\/a>\n\t\t\t\t\t<\/div>\n\t\t\t\t\n\t\t\t\t<\/div>\n\t\t\t\n\t\t\t<!-- END .shb-accommodation-listing-item -->\n\t\t\t<\/div>\n\t\t\n\t\t\t\t\n\t\t\t<!-- BEGIN .shb-accommodation-listing-item -->\n\t\t\t<div class=\"shb-accommodation-listing-item\">\n\t\t\t\n\t\t\t\t\t\t\t\t\t<a href=\"https:\/\/alvi7hotel.com\/?shb_accommodation=junior-suit-room\" rel=\"bookmark\" title=\"Junior Suit Room\">\n\t\t\t\t\t\t\t\t\t\t\t\t<img decoding=\"async\" class=\"shb-accommodation-listing-image\" src=\"https:\/\/alvi7hotel.com\/wp-content\/uploads\/2021\/10\/DSC_0001-1180x710.jpg\" alt=\"Junior Suit Room\" \/>\t\t\t\t\t<\/a>\n\t\t\t\t\t\t\t\n\t\t\t\t<div class=\"shb-accommodation-listing-description-wrapper\">\n\t\t\t\t\n\t\t\t\t\t<h3><a href=\"https:\/\/alvi7hotel.com\/?shb_accommodation=junior-suit-room\" rel=\"bookmark\" title=\"Junior Suit Room\">Junior Suit Room<\/a><\/h3>\n\t\t\t\t\n\t\t\t\t\t<div class=\"shb-accommodation-listing-description shb-clearfix\">\n\t\t\t\t\t\t<ul>\r\n<li><i class=\"fas fa-user\"><\/i><span>Capacity:<\/span> 2 Adults<\/li>\r\n<li><i class=\"fas fa-ruler-combined\"><\/i><span>Size:<\/span> 35sqm<\/li>\r\n<li><i class=\"fas fa-binoculars\"><\/i><span>View:<\/span> City<\/li>\r\n<\/ul>\t\t\t\t\t\t<a href=\"https:\/\/alvi7hotel.com\/?shb_accommodation=junior-suit-room\" class=\"shb-accommodation-listing-button1\">Book at \u20ac53 \/ Night<\/a>\n\t\t\t\t\t\t<a href=\"https:\/\/alvi7hotel.com\/?shb_accommodation=junior-suit-room\" class=\"shb-accommodation-listing-button2\">H\u00e9bergement avec vue<i class=\"fas fa-chevron-right\"><\/i><\/a>\n\t\t\t\t\t<\/div>\n\t\t\t\t\n\t\t\t\t<\/div>\n\t\t\t\n\t\t\t<!-- END .shb-accommodation-listing-item -->\n\t\t\t<\/div>\n\t\t\n\t\t\t\t\n\t\t\t<!-- BEGIN .shb-accommodation-listing-item -->\n\t\t\t<div class=\"shb-accommodation-listing-item\">\n\t\t\t\n\t\t\t\t\t\t\t\t\t<a href=\"https:\/\/alvi7hotel.com\/?shb_accommodation=standing-room\" rel=\"bookmark\" title=\"Standing Room\">\n\t\t\t\t\t\t\t\t\t\t\t\t<img decoding=\"async\" class=\"shb-accommodation-listing-image\" src=\"https:\/\/alvi7hotel.com\/wp-content\/uploads\/2021\/10\/DSC_0014-1180x710.jpg\" alt=\"Standing Room\" \/>\t\t\t\t\t<\/a>\n\t\t\t\t\t\t\t\n\t\t\t\t<div class=\"shb-accommodation-listing-description-wrapper\">\n\t\t\t\t\n\t\t\t\t\t<h3><a href=\"https:\/\/alvi7hotel.com\/?shb_accommodation=standing-room\" rel=\"bookmark\" title=\"Standing Room\">Standing Room<\/a><\/h3>\n\t\t\t\t\n\t\t\t\t\t<div class=\"shb-accommodation-listing-description shb-clearfix\">\n\t\t\t\t\t\t<ul>\r\n<li><i class=\"fas fa-user\"><\/i><span>Capacity:<\/span> 2 Adults<\/li>\r\n<li><i class=\"fas fa-ruler-combined\"><\/i><span>Size:<\/span> 35sqm<\/li>\r\n<li><i class=\"fas fa-binoculars\"><\/i><span>View:<\/span> City<\/li>\r\n<\/ul>\t\t\t\t\t\t<a href=\"https:\/\/alvi7hotel.com\/?shb_accommodation=standing-room\" class=\"shb-accommodation-listing-button1\">Book at \u20ac46 \/ Night<\/a>\n\t\t\t\t\t\t<a href=\"https:\/\/alvi7hotel.com\/?shb_accommodation=standing-room\" class=\"shb-accommodation-listing-button2\">H\u00e9bergement avec vue<i class=\"fas fa-chevron-right\"><\/i><\/a>\n\t\t\t\t\t<\/div>\n\t\t\t\t\n\t\t\t\t<\/div>\n\t\t\t\n\t\t\t<!-- END .shb-accommodation-listing-item -->\n\t\t\t<\/div>\n\t\t\n\t\t\t\t\n\t\t\t<!-- BEGIN .shb-accommodation-listing-item -->\n\t\t\t<div class=\"shb-accommodation-listing-item\">\n\t\t\t\n\t\t\t\t\t\t\t\t\t<a href=\"https:\/\/alvi7hotel.com\/?shb_accommodation=standard-room\" rel=\"bookmark\" title=\"Standard Room\">\n\t\t\t\t\t\t\t\t\t\t\t\t<img decoding=\"async\" class=\"shb-accommodation-listing-image\" src=\"https:\/\/alvi7hotel.com\/wp-content\/uploads\/2021\/10\/DSC_0061-1180x710.jpg\" alt=\"Standard Room\" \/>\t\t\t\t\t<\/a>\n\t\t\t\t\t\t\t\n\t\t\t\t<div class=\"shb-accommodation-listing-description-wrapper\">\n\t\t\t\t\n\t\t\t\t\t<h3><a href=\"https:\/\/alvi7hotel.com\/?shb_accommodation=standard-room\" rel=\"bookmark\" title=\"Standard Room\">Standard Room<\/a><\/h3>\n\t\t\t\t\n\t\t\t\t\t<div class=\"shb-accommodation-listing-description shb-clearfix\">\n\t\t\t\t\t\t<ul>\r\n<li><i class=\"fas fa-user\"><\/i><span>Capacity:<\/span> 2 Adults<\/li>\r\n<li><i class=\"fas fa-ruler-combined\"><\/i><span>Size:<\/span> 35sqm<\/li>\r\n<li><i class=\"fas fa-binoculars\"><\/i><span>View:<\/span> City<\/li>\r\n<\/ul>\t\t\t\t\t\t<a href=\"https:\/\/alvi7hotel.com\/?shb_accommodation=standard-room\" class=\"shb-accommodation-listing-button1\">From \u20ac38 \/ Night<\/a>\n\t\t\t\t\t\t<a href=\"https:\/\/alvi7hotel.com\/?shb_accommodation=standard-room\" class=\"shb-accommodation-listing-button2\">H\u00e9bergement avec vue<i class=\"fas fa-chevron-right\"><\/i><\/a>\n\t\t\t\t\t<\/div>\n\t\t\t\t\n\t\t\t\t<\/div>\n\t\t\t\n\t\t\t<!-- END .shb-accommodation-listing-item -->\n\t\t\t<\/div>\n\t\t\n\t\t\t\t\t\n\t\t<!-- END .shb-accommodation-listing-style-1 -->\n\t\t<\/div>\n\t\n\t\t\n\t\t\t\n\t\t<div class=\"shb-clearboth\"><\/div>\n\t\t<div class=\"shb-accommodation-listing-1-pagination\">\n\t\t\t\t<\/div>\n\t\t\n\t\t\n\t[\/vc_column][\/vc_row]<\/p>\n<\/div>","protected":false},"excerpt":{"rendered":"<p>[vc_row][vc_column][\/vc_column][\/vc_row]<\/p>\n<a href=\"https:\/\/alvi7hotel.com\/?shb_accommodation=standard-room\" class=\"sohohotel-more-link\">Read More<\/a>","protected":false},"author":1,"featured_media":0,"parent":0,"menu_order":0,"comment_status":"closed","ping_status":"open","template":"","meta":{"footnotes":""},"class_list":["post-74","page","type-page","status-publish","hentry"],"yoast_head":"<!-- This site is optimized with the Yoast SEO plugin v27.1.1 - https:\/\/yoast.com\/product\/yoast-seo-wordpress\/ -->\n<title>Accommodations - ALVIHOTEL: H\u00f4tel de choix pour un s\u00e9jour exceptionnel!<\/title>\n<meta name=\"robots\" content=\"index, follow, max-snippet:-1, max-image-preview:large, max-video-preview:-1\" \/>\n<link rel=\"canonical\" href=\"https:\/\/alvi7hotel.com\/?page_id=74\" \/>\n<meta property=\"og:locale\" content=\"fr_FR\" \/>\n<meta property=\"og:type\" content=\"article\" \/>\n<meta property=\"og:title\" content=\"Accommodations - ALVIHOTEL: H\u00f4tel de choix pour un s\u00e9jour exceptionnel!\" \/>\n<meta property=\"og:description\" content=\"[vc_row][vc_column][\/vc_column][\/vc_row]\" \/>\n<meta property=\"og:url\" content=\"https:\/\/alvi7hotel.com\/?page_id=74\" \/>\n<meta property=\"og:site_name\" content=\"ALVIHOTEL: H\u00f4tel de choix pour un s\u00e9jour exceptionnel!\" \/>\n<meta property=\"article:modified_time\" content=\"2023-02-02T13:09:43+00:00\" \/>\n<meta name=\"twitter:card\" content=\"summary_large_image\" \/>\n<script type=\"application\/ld+json\" class=\"yoast-schema-graph\">{\"@context\":\"https:\/\/schema.org\",\"@graph\":[{\"@type\":\"WebPage\",\"@id\":\"https:\/\/alvi7hotel.com\/?page_id=74\",\"url\":\"https:\/\/alvi7hotel.com\/?page_id=74\",\"name\":\"Accommodations - ALVIHOTEL: H\u00f4tel de choix pour un s\u00e9jour exceptionnel!\",\"isPartOf\":{\"@id\":\"https:\/\/alvi7hotel.com\/#website\"},\"datePublished\":\"2021-10-24T15:18:06+00:00\",\"dateModified\":\"2023-02-02T13:09:43+00:00\",\"breadcrumb\":{\"@id\":\"https:\/\/alvi7hotel.com\/?page_id=74#breadcrumb\"},\"inLanguage\":\"fr-FR\",\"potentialAction\":[{\"@type\":\"ReadAction\",\"target\":[\"https:\/\/alvi7hotel.com\/?page_id=74\"]}]},{\"@type\":\"BreadcrumbList\",\"@id\":\"https:\/\/alvi7hotel.com\/?page_id=74#breadcrumb\",\"itemListElement\":[{\"@type\":\"ListItem\",\"position\":1,\"name\":\"Home\",\"item\":\"https:\/\/alvi7hotel.com\/\"},{\"@type\":\"ListItem\",\"position\":2,\"name\":\"Accommodations\"}]},{\"@type\":\"WebSite\",\"@id\":\"https:\/\/alvi7hotel.com\/#website\",\"url\":\"https:\/\/alvi7hotel.com\/\",\"name\":\"ALVIHOTEL: H\u00f4tel de choix pour un s\u00e9jour exceptionnel!\",\"description\":\"H\u00f4tel de luxe\",\"potentialAction\":[{\"@type\":\"SearchAction\",\"target\":{\"@type\":\"EntryPoint\",\"urlTemplate\":\"https:\/\/alvi7hotel.com\/?s={search_term_string}\"},\"query-input\":{\"@type\":\"PropertyValueSpecification\",\"valueRequired\":true,\"valueName\":\"search_term_string\"}}],\"inLanguage\":\"fr-FR\"}]}<\/script>\n<!-- \/ Yoast SEO plugin. -->","yoast_head_json":{"title":"Accommodations - ALVIHOTEL: H\u00f4tel de choix pour un s\u00e9jour exceptionnel!","robots":{"index":"index","follow":"follow","max-snippet":"max-snippet:-1","max-image-preview":"max-image-preview:large","max-video-preview":"max-video-preview:-1"},"canonical":"https:\/\/alvi7hotel.com\/?page_id=74","og_locale":"fr_FR","og_type":"article","og_title":"Accommodations - ALVIHOTEL: H\u00f4tel de choix pour un s\u00e9jour exceptionnel!","og_description":"[vc_row][vc_column][\/vc_column][\/vc_row]","og_url":"https:\/\/alvi7hotel.com\/?page_id=74","og_site_name":"ALVIHOTEL: H\u00f4tel de choix pour un s\u00e9jour exceptionnel!","article_modified_time":"2023-02-02T13:09:43+00:00","twitter_card":"summary_large_image","schema":{"@context":"https:\/\/schema.org","@graph":[{"@type":"WebPage","@id":"https:\/\/alvi7hotel.com\/?page_id=74","url":"https:\/\/alvi7hotel.com\/?page_id=74","name":"Accommodations - ALVIHOTEL: H\u00f4tel de choix pour un s\u00e9jour exceptionnel!","isPartOf":{"@id":"https:\/\/alvi7hotel.com\/#website"},"datePublished":"2021-10-24T15:18:06+00:00","dateModified":"2023-02-02T13:09:43+00:00","breadcrumb":{"@id":"https:\/\/alvi7hotel.com\/?page_id=74#breadcrumb"},"inLanguage":"fr-FR","potentialAction":[{"@type":"ReadAction","target":["https:\/\/alvi7hotel.com\/?page_id=74"]}]},{"@type":"BreadcrumbList","@id":"https:\/\/alvi7hotel.com\/?page_id=74#breadcrumb","itemListElement":[{"@type":"ListItem","position":1,"name":"Home","item":"https:\/\/alvi7hotel.com\/"},{"@type":"ListItem","position":2,"name":"Accommodations"}]},{"@type":"WebSite","@id":"https:\/\/alvi7hotel.com\/#website","url":"https:\/\/alvi7hotel.com\/","name":"ALVIHOTEL: H\u00f4tel de choix pour un s\u00e9jour exceptionnel!","description":"H\u00f4tel de luxe","potentialAction":[{"@type":"SearchAction","target":{"@type":"EntryPoint","urlTemplate":"https:\/\/alvi7hotel.com\/?s={search_term_string}"},"query-input":{"@type":"PropertyValueSpecification","valueRequired":true,"valueName":"search_term_string"}}],"inLanguage":"fr-FR"}]}},"_links":{"self":[{"href":"https:\/\/alvi7hotel.com\/index.php?rest_route=\/wp\/v2\/pages\/74","targetHints":{"allow":["GET"]}}],"collection":[{"href":"https:\/\/alvi7hotel.com\/index.php?rest_route=\/wp\/v2\/pages"}],"about":[{"href":"https:\/\/alvi7hotel.com\/index.php?rest_route=\/wp\/v2\/types\/page"}],"author":[{"embeddable":true,"href":"https:\/\/alvi7hotel.com\/index.php?rest_route=\/wp\/v2\/users\/1"}],"replies":[{"embeddable":true,"href":"https:\/\/alvi7hotel.com\/index.php?rest_route=%2Fwp%2Fv2%2Fcomments&post=74"}],"version-history":[{"count":2,"href":"https:\/\/alvi7hotel.com\/index.php?rest_route=\/wp\/v2\/pages\/74\/revisions"}],"predecessor-version":[{"id":603,"href":"https:\/\/alvi7hotel.com\/index.php?rest_route=\/wp\/v2\/pages\/74\/revisions\/603"}],"wp:attachment":[{"href":"https:\/\/alvi7hotel.com\/index.php?rest_route=%2Fwp%2Fv2%2Fmedia&parent=74"}],"curies":[{"name":"wp","href":"https:\/\/api.w.org\/{rel}","templated":true}]}}