{"id":84,"date":"2021-10-24T15:18:07","date_gmt":"2021-10-24T15:18:07","guid":{"rendered":"https:\/\/alvi7hotel.com\/index.php\/contact-us-i\/"},"modified":"2021-10-24T15:18:07","modified_gmt":"2021-10-24T15:18:07","slug":"contact-us-i","status":"publish","type":"page","link":"https:\/\/alvi7hotel.com\/?page_id=84","title":{"rendered":"Contact Us I"},"content":{"rendered":"<div class=\"wpb-content-wrapper\"><p>[vc_row fixed_width=\u00a0\u00bbtrue\u00a0\u00bb][vc_column width=\u00a0\u00bb1\/2&Prime;]<p class=\"wpcf7-contact-form-not-found\"><strong>Erreur\u00a0:<\/strong> Formulaire de contact non trouv\u00e9\u00a0!<\/p>[\/vc_column][vc_column width=\u00a0\u00bb1\/2&Prime;]<h3 class=\"sohohotel-title-20px sohohotel-clearfix sohohotel-title-left\">Get In Touch<\/h3>[vc_column_text]Duis commodo ipsum quis ante venenatis rhoncus. Vivamus imperdiet felis ac facilisis hendrerit. Nulla eu elementum ex, ut pulvinar est. Nam aliquet et tortor sed aliquet.[\/vc_column_text][vc_empty_space height=\u00a0\u00bb35px\u00a0\u00bb]<h3 class=\"sohohotel-title-20px sohohotel-clearfix sohohotel-title-left\">Contact Details<\/h3><ul class=\"sohohotel-contact-details-list\"><li class=\"sohohotel-address clearfix\">Soho Hotel Resort &amp; Spa, 55 Columbus Circle, New York, NY<\/li><li class=\"sohohotel-phone clearfix\"><a href=\"tel:+441234567890\">+44 12345 67890<\/a><\/li><li class=\"sohohotel-email clearfix\"><a href=\"mailto:bookings@website.com\">bookings@website.com<\/a><\/li><\/ul><h3 class=\"sohohotel-title-20px sohohotel-clearfix sohohotel-title-left\">Follow Us<\/h3><div class=\"sohohotel-social-links sohohotel-clearfix\"><a href=\"#\" target=\"_blank\"><i class=\"fab fa-facebook-f\"><\/i><\/a><a href=\"#\" target=\"_blank\"><i class=\"fab fa-instagram\"><\/i><\/a><a href=\"#\" target=\"_blank\"><i class=\"fab fa-twitter\"><\/i><\/a><a href=\"#\" target=\"_blank\"><i class=\"fab fa-youtube\"><\/i><\/a><a href=\"#\" target=\"_blank\"><i class=\"fab fa-tripadvisor\"><\/i><\/a><\/div>[vc_empty_space height=\u00a0\u00bb70px\u00a0\u00bb][\/vc_column][\/vc_row][vc_row css=\u00a0\u00bb.vc_custom_1625655823267{margin-top: 0px !important;margin-right: 0px !important;margin-bottom: 0px !important;margin-left: 0px !important;border-top-width: 0px !important;border-right-width: 0px !important;border-bottom-width: 0px !important;border-left-width: 0px !important;padding-top: 0px !important;padding-right: 0px !important;padding-bottom: 0px !important;padding-left: 0px !important;}\u00a0\u00bb][vc_column css=\u00a0\u00bb.vc_custom_1625655832067{margin-top: 0px !important;margin-right: 0px !important;margin-bottom: 0px !important;margin-left: 0px !important;border-top-width: 0px !important;border-right-width: 0px !important;border-bottom-width: 0px !important;border-left-width: 0px !important;padding-top: 0px !important;padding-right: 0px !important;padding-bottom: 0px !important;padding-left: 0px !important;}\u00a0\u00bb]\t\n\t\t\n\t\t\n\t<!-- BEGIN #google-map -->\n\t<div id=\"google-map-1\" style=\"width: 100%;height: 540px;\"><\/div>\n\n\t<script type=\"text\/javascript\">\n\n\t\tfunction initialize() {\n\n\t\t\t\/\/ Set Location\n\t\t\tvar myLatlng = new google.maps.LatLng(40.703316,-73.988145);\n\n\t\t\t\/\/ Set Style\n\t\t\tvar styles = [\n\t\t\t    {\n\t\t\t      stylers: [\n\t\t\t        { hue: \"#b99470\" },\n\t\t\t        { saturation: -50 }\n\t\t\t      ]\n\t\t\t    },{\n\t\t\t      featureType: \"road\",\n\t\t\t      elementType: \"geometry\",\n\t\t\t      stylers: [\n\t\t\t        { lightness: 100 },\n\t\t\t        { visibility: \"simplified\" }\n\t\t\t      ]\n\t\t\t    },{\n\t\t\t      featureType: \"road\",\n\t\t\t      elementType: \"labels\",\n\t\t\t      stylers: [\n\t\t\t        { visibility: \"off\" }\n\t\t\t      ]\n\t\t\t    }\n\t\t\t  ];\n\n\t\t\t\/\/ Set Map Options\n\t\t\tvar mapOptions = {\n\t\t\t\tmapTypeControlOptions: {\n\t\t\t\t\tmapTypeIds: ['Styled']\n\t\t\t\t},\n\t\t\t\tcenter: myLatlng,\n\t\t\t\tzoom: 14,\n\t\t\t\tmapTypeId: 'Styled',\n\t\t\t\tscrollwheel: false,\n\t\t\t\tscaleControl: false,\n\t\t\t\tdisableDefaultUI: false\n\t\t\t};\n\n\t\t\t\/\/ Build Map\n\t\t\tvar map = new google.maps.Map(document.getElementById('google-map-1'), mapOptions);\n\t\t\tvar styledMapType = new google.maps.StyledMapType(styles, { name: 'Styled' });\n\t\t\tmap.mapTypes.set('Styled', styledMapType);\n\n\t\t\t\/\/ Set Map Marker\n\t\t\tvar contentString = 'Soho Hotel';\n\t\t\tvar infowindow = new google.maps.InfoWindow({\n\t\t\t\tcontent: contentString\n\t\t\t});\n\t\t\t\n\t\t\tvar marker = new google.maps.Marker({\n\t\t\t\tposition: myLatlng,\n\t\t\t\tmap: map,\n\t\t\t\ticon: {\n\t\t\t\t\tpath: google.maps.SymbolPath.CIRCLE,\n\t\t\t\t\tfillColor: '#fff',\n\t\t\t\t\tfillOpacity: 0,\n\t\t\t\t\tstrokeWeight: 0,\n\t\t\t\t\tscale: 15\n\t\t\t\t},\n\t\t\t\tlabel: {\n\t\t\t\t\tfontFamily: \"'Font Awesome 5 Free'\",\n\t\t\t\t\tfontWeight: '900',\n\t\t\t\t\ttext: eval(\"'\\\\u\"+'f3c5'+\"'\"),\n\t\t\t\t\tcolor: '#b99470',\n\t\t\t\t\tfontSize: \"40px\"\n\t\t\t\t}\n\t\t\t});\n\n\t\t\t\/\/ Display Map Marker\n\t\t\tgoogle.maps.event.addListener(marker, 'click', function() {\n\t\t\t\tinfowindow.open(map,marker);\n\t\t\t});\n\n\t\t}\n\n\t\t\/\/ Display Map\n\t\tgoogle.maps.event.addDomListener(window, 'load', initialize);\n\n\t<\/script>\n\t\n\t\n\t[\/vc_column][\/vc_row]<\/p>\n<\/div>","protected":false},"excerpt":{"rendered":"<p>[vc_row fixed_width=\u00a0\u00bbtrue\u00a0\u00bb][vc_column width=\u00a0\u00bb1\/2&Prime;][\/vc_column][vc_column width=\u00a0\u00bb1\/2&Prime;][vc_column_text]Duis commodo ipsum quis ante venenatis rhoncus. Vivamus imperdiet felis ac facilisis hendrerit. Nulla eu elementum ex, ut pulvinar est. Nam aliquet et tortor sed aliquet.[\/vc_column_text][vc_empty_space height=\u00a0\u00bb35px\u00a0\u00bb][vc_empty_space height=\u00a0\u00bb70px\u00a0\u00bb][\/vc_column][\/vc_row][vc_row css=\u00a0\u00bb.vc_custom_1625655823267{margin-top: 0px !important;margin-right: 0px !important;margin-bottom: 0px !important;margin-left: 0px !important;border-top-width: 0px !important;border-right-width: 0px !important;border-bottom-width: 0px !important;border-left-width: 0px !important;padding-top: 0px !important;padding-right: 0px !important;padding-bottom: 0px !important;padding-left: 0px<\/p>\n<a href=\"https:\/\/alvi7hotel.com\/?page_id=84\" class=\"sohohotel-more-link\">Read More<\/a>","protected":false},"author":1,"featured_media":0,"parent":0,"menu_order":0,"comment_status":"closed","ping_status":"closed","template":"","meta":{"footnotes":""},"class_list":["post-84","page","type-page","status-publish","hentry"],"yoast_head":"<!-- This site is optimized with the Yoast SEO plugin v27.1.1 - https:\/\/yoast.com\/product\/yoast-seo-wordpress\/ -->\n<title>Contact Us I - ALVIHOTEL: H\u00f4tel de choix pour un s\u00e9jour exceptionnel!<\/title>\n<meta name=\"robots\" content=\"index, follow, max-snippet:-1, max-image-preview:large, max-video-preview:-1\" \/>\n<link rel=\"canonical\" href=\"https:\/\/alvi7hotel.com\/?page_id=84\" \/>\n<meta property=\"og:locale\" content=\"fr_FR\" \/>\n<meta property=\"og:type\" content=\"article\" \/>\n<meta property=\"og:title\" content=\"Contact Us I - ALVIHOTEL: H\u00f4tel de choix pour un s\u00e9jour exceptionnel!\" \/>\n<meta property=\"og:description\" content=\"[vc_row fixed_width=\u00a0\u00bbtrue\u00a0\u00bb][vc_column width=\u00a0\u00bb1\/2&Prime;][\/vc_column][vc_column width=\u00a0\u00bb1\/2&Prime;][vc_column_text]Duis commodo ipsum quis ante venenatis rhoncus. Vivamus imperdiet felis ac facilisis hendrerit. Nulla eu elementum ex, ut pulvinar est. Nam aliquet et tortor sed aliquet.[\/vc_column_text][vc_empty_space height=\u00a0\u00bb35px\u00a0\u00bb][vc_empty_space height=\u00a0\u00bb70px\u00a0\u00bb][\/vc_column][\/vc_row][vc_row css=\u00a0\u00bb.vc_custom_1625655823267{margin-top: 0px !important;margin-right: 0px !important;margin-bottom: 0px !important;margin-left: 0px !important;border-top-width: 0px !important;border-right-width: 0px !important;border-bottom-width: 0px !important;border-left-width: 0px !important;padding-top: 0px !important;padding-right: 0px !important;padding-bottom: 0px !important;padding-left: 0px\" \/>\n<meta property=\"og:url\" content=\"https:\/\/alvi7hotel.com\/?page_id=84\" \/>\n<meta property=\"og:site_name\" content=\"ALVIHOTEL: H\u00f4tel de choix pour un s\u00e9jour exceptionnel!\" \/>\n<meta name=\"twitter:card\" content=\"summary_large_image\" \/>\n<meta name=\"twitter:label1\" content=\"Dur\u00e9e de lecture estim\u00e9e\" \/>\n\t<meta name=\"twitter:data1\" content=\"1 minute\" \/>\n<script type=\"application\/ld+json\" class=\"yoast-schema-graph\">{\"@context\":\"https:\/\/schema.org\",\"@graph\":[{\"@type\":\"WebPage\",\"@id\":\"https:\/\/alvi7hotel.com\/?page_id=84\",\"url\":\"https:\/\/alvi7hotel.com\/?page_id=84\",\"name\":\"Contact Us I - ALVIHOTEL: H\u00f4tel de choix pour un s\u00e9jour exceptionnel!\",\"isPartOf\":{\"@id\":\"https:\/\/alvi7hotel.com\/#website\"},\"datePublished\":\"2021-10-24T15:18:07+00:00\",\"breadcrumb\":{\"@id\":\"https:\/\/alvi7hotel.com\/?page_id=84#breadcrumb\"},\"inLanguage\":\"fr-FR\",\"potentialAction\":[{\"@type\":\"ReadAction\",\"target\":[\"https:\/\/alvi7hotel.com\/?page_id=84\"]}]},{\"@type\":\"BreadcrumbList\",\"@id\":\"https:\/\/alvi7hotel.com\/?page_id=84#breadcrumb\",\"itemListElement\":[{\"@type\":\"ListItem\",\"position\":1,\"name\":\"Home\",\"item\":\"https:\/\/alvi7hotel.com\/\"},{\"@type\":\"ListItem\",\"position\":2,\"name\":\"Contact Us I\"}]},{\"@type\":\"WebSite\",\"@id\":\"https:\/\/alvi7hotel.com\/#website\",\"url\":\"https:\/\/alvi7hotel.com\/\",\"name\":\"ALVIHOTEL: H\u00f4tel de choix pour un s\u00e9jour exceptionnel!\",\"description\":\"H\u00f4tel de luxe\",\"potentialAction\":[{\"@type\":\"SearchAction\",\"target\":{\"@type\":\"EntryPoint\",\"urlTemplate\":\"https:\/\/alvi7hotel.com\/?s={search_term_string}\"},\"query-input\":{\"@type\":\"PropertyValueSpecification\",\"valueRequired\":true,\"valueName\":\"search_term_string\"}}],\"inLanguage\":\"fr-FR\"}]}<\/script>\n<!-- \/ Yoast SEO plugin. -->","yoast_head_json":{"title":"Contact Us I - ALVIHOTEL: H\u00f4tel de choix pour un s\u00e9jour exceptionnel!","robots":{"index":"index","follow":"follow","max-snippet":"max-snippet:-1","max-image-preview":"max-image-preview:large","max-video-preview":"max-video-preview:-1"},"canonical":"https:\/\/alvi7hotel.com\/?page_id=84","og_locale":"fr_FR","og_type":"article","og_title":"Contact Us I - ALVIHOTEL: H\u00f4tel de choix pour un s\u00e9jour exceptionnel!","og_description":"[vc_row fixed_width=\u00a0\u00bbtrue\u00a0\u00bb][vc_column width=\u00a0\u00bb1\/2&Prime;][\/vc_column][vc_column width=\u00a0\u00bb1\/2&Prime;][vc_column_text]Duis commodo ipsum quis ante venenatis rhoncus. Vivamus imperdiet felis ac facilisis hendrerit. Nulla eu elementum ex, ut pulvinar est. Nam aliquet et tortor sed aliquet.[\/vc_column_text][vc_empty_space height=\u00a0\u00bb35px\u00a0\u00bb][vc_empty_space height=\u00a0\u00bb70px\u00a0\u00bb][\/vc_column][\/vc_row][vc_row css=\u00a0\u00bb.vc_custom_1625655823267{margin-top: 0px !important;margin-right: 0px !important;margin-bottom: 0px !important;margin-left: 0px !important;border-top-width: 0px !important;border-right-width: 0px !important;border-bottom-width: 0px !important;border-left-width: 0px !important;padding-top: 0px !important;padding-right: 0px !important;padding-bottom: 0px !important;padding-left: 0px","og_url":"https:\/\/alvi7hotel.com\/?page_id=84","og_site_name":"ALVIHOTEL: H\u00f4tel de choix pour un s\u00e9jour exceptionnel!","twitter_card":"summary_large_image","twitter_misc":{"Dur\u00e9e de lecture estim\u00e9e":"1 minute"},"schema":{"@context":"https:\/\/schema.org","@graph":[{"@type":"WebPage","@id":"https:\/\/alvi7hotel.com\/?page_id=84","url":"https:\/\/alvi7hotel.com\/?page_id=84","name":"Contact Us I - ALVIHOTEL: H\u00f4tel de choix pour un s\u00e9jour exceptionnel!","isPartOf":{"@id":"https:\/\/alvi7hotel.com\/#website"},"datePublished":"2021-10-24T15:18:07+00:00","breadcrumb":{"@id":"https:\/\/alvi7hotel.com\/?page_id=84#breadcrumb"},"inLanguage":"fr-FR","potentialAction":[{"@type":"ReadAction","target":["https:\/\/alvi7hotel.com\/?page_id=84"]}]},{"@type":"BreadcrumbList","@id":"https:\/\/alvi7hotel.com\/?page_id=84#breadcrumb","itemListElement":[{"@type":"ListItem","position":1,"name":"Home","item":"https:\/\/alvi7hotel.com\/"},{"@type":"ListItem","position":2,"name":"Contact Us I"}]},{"@type":"WebSite","@id":"https:\/\/alvi7hotel.com\/#website","url":"https:\/\/alvi7hotel.com\/","name":"ALVIHOTEL: H\u00f4tel de choix pour un s\u00e9jour exceptionnel!","description":"H\u00f4tel de luxe","potentialAction":[{"@type":"SearchAction","target":{"@type":"EntryPoint","urlTemplate":"https:\/\/alvi7hotel.com\/?s={search_term_string}"},"query-input":{"@type":"PropertyValueSpecification","valueRequired":true,"valueName":"search_term_string"}}],"inLanguage":"fr-FR"}]}},"_links":{"self":[{"href":"https:\/\/alvi7hotel.com\/index.php?rest_route=\/wp\/v2\/pages\/84","targetHints":{"allow":["GET"]}}],"collection":[{"href":"https:\/\/alvi7hotel.com\/index.php?rest_route=\/wp\/v2\/pages"}],"about":[{"href":"https:\/\/alvi7hotel.com\/index.php?rest_route=\/wp\/v2\/types\/page"}],"author":[{"embeddable":true,"href":"https:\/\/alvi7hotel.com\/index.php?rest_route=\/wp\/v2\/users\/1"}],"replies":[{"embeddable":true,"href":"https:\/\/alvi7hotel.com\/index.php?rest_route=%2Fwp%2Fv2%2Fcomments&post=84"}],"version-history":[{"count":0,"href":"https:\/\/alvi7hotel.com\/index.php?rest_route=\/wp\/v2\/pages\/84\/revisions"}],"wp:attachment":[{"href":"https:\/\/alvi7hotel.com\/index.php?rest_route=%2Fwp%2Fv2%2Fmedia&parent=84"}],"curies":[{"name":"wp","href":"https:\/\/api.w.org\/{rel}","templated":true}]}}